{"id":41,"date":"2023-12-12T19:39:59","date_gmt":"2023-12-12T19:39:59","guid":{"rendered":"https:\/\/perspectivaisabela.com\/?page_id=41"},"modified":"2024-01-11T16:10:33","modified_gmt":"2024-01-11T16:10:33","slug":"about-us","status":"publish","type":"page","link":"https:\/\/perspectivaisabela.com\/index.php\/about-us\/","title":{"rendered":"About us"},"content":{"rendered":"\t\t<div data-elementor-type=\"wp-page\" data-elementor-id=\"41\" class=\"elementor elementor-41\">\n\t\t\t\t\t\t\t<div class=\"elementor-element elementor-element-d5371f0 e-con-full e-flex e-con e-parent\" data-id=\"d5371f0\" data-element_type=\"container\" data-settings=\"{&quot;background_background&quot;:&quot;slideshow&quot;,&quot;background_slideshow_gallery&quot;:[{&quot;id&quot;:381,&quot;url&quot;:&quot;https:\\\/\\\/perspectivaisabela.com\\\/wp-content\\\/uploads\\\/2023\\\/12\\\/johannes-plenio-voQ97kezCx0-unsplash-1-scaled.jpg&quot;}],&quot;content_width&quot;:&quot;full&quot;,&quot;background_slideshow_loop&quot;:&quot;yes&quot;,&quot;background_slideshow_slide_duration&quot;:5000,&quot;background_slideshow_slide_transition&quot;:&quot;fade&quot;,&quot;background_slideshow_transition_duration&quot;:500}\" data-core-v316-plus=\"true\">\n\t\t\t\t<div class=\"elementor-element elementor-element-a350427 elementor-widget__width-initial elementor-widget elementor-widget-text-editor\" data-id=\"a350427\" data-element_type=\"widget\" data-widget_type=\"text-editor.default\">\n\t\t\t\t<div class=\"elementor-widget-container\">\n\t\t\t<style>\/*! elementor - v3.18.0 - 08-12-2023 *\/\n.elementor-widget-text-editor.elementor-drop-cap-view-stacked .elementor-drop-cap{background-color:#69727d;color:#fff}.elementor-widget-text-editor.elementor-drop-cap-view-framed .elementor-drop-cap{color:#69727d;border:3px solid;background-color:transparent}.elementor-widget-text-editor:not(.elementor-drop-cap-view-default) .elementor-drop-cap{margin-top:8px}.elementor-widget-text-editor:not(.elementor-drop-cap-view-default) .elementor-drop-cap-letter{width:1em;height:1em}.elementor-widget-text-editor .elementor-drop-cap{float:left;text-align:center;line-height:1;font-size:50px}.elementor-widget-text-editor .elementor-drop-cap-letter{display:inline-block}<\/style>\t\t\t\t<p>Bienvenido a ISABELA, donde la luz se convierte en arte. Nos enorgullece presentarte nuestras exclusivas luminarias, una fusi\u00f3n perfecta de elegancia, calidez y sostenibilidad.<\/p><p>Imagina iluminar tu espacio con la magia de la luz filtrada a trav\u00e9s del papel y la calidez de la madera. En ISABELA, transformamos cada l\u00e1mpara en una obra de arte funcional, dise\u00f1ada para cautivar y elevar cualquier entorno.<\/p>\t\t\t\t\t\t<\/div>\n\t\t\t\t<\/div>\n\t\t\t\t<\/div>\n\t\t\t\t\t\t\t<\/div>\n\t\t","protected":false},"excerpt":{"rendered":"<p>Bienvenido a ISABELA, donde la luz se convierte en arte. Nos enorgullece presentarte nuestras exclusivas luminarias, una fusi\u00f3n perfecta de elegancia, calidez y sostenibilidad. Imagina iluminar tu espacio con la magia de la luz filtrada a trav\u00e9s del papel y la calidez de la madera. En ISABELA, transformamos cada l\u00e1mpara en una obra de arte [&hellip;]<\/p>\n","protected":false},"author":1,"featured_media":0,"parent":0,"menu_order":0,"comment_status":"closed","ping_status":"closed","template":"","meta":{"footnotes":""},"jetpack_sharing_enabled":true,"_links":{"self":[{"href":"https:\/\/perspectivaisabela.com\/index.php\/wp-json\/wp\/v2\/pages\/41"}],"collection":[{"href":"https:\/\/perspectivaisabela.com\/index.php\/wp-json\/wp\/v2\/pages"}],"about":[{"href":"https:\/\/perspectivaisabela.com\/index.php\/wp-json\/wp\/v2\/types\/page"}],"author":[{"embeddable":true,"href":"https:\/\/perspectivaisabela.com\/index.php\/wp-json\/wp\/v2\/users\/1"}],"replies":[{"embeddable":true,"href":"https:\/\/perspectivaisabela.com\/index.php\/wp-json\/wp\/v2\/comments?post=41"}],"version-history":[{"count":13,"href":"https:\/\/perspectivaisabela.com\/index.php\/wp-json\/wp\/v2\/pages\/41\/revisions"}],"predecessor-version":[{"id":552,"href":"https:\/\/perspectivaisabela.com\/index.php\/wp-json\/wp\/v2\/pages\/41\/revisions\/552"}],"wp:attachment":[{"href":"https:\/\/perspectivaisabela.com\/index.php\/wp-json\/wp\/v2\/media?parent=41"}],"curies":[{"name":"wp","href":"https:\/\/api.w.org\/{rel}","templated":true}]}}