{"id":47,"date":"2023-12-12T19:47:15","date_gmt":"2023-12-12T19:47:15","guid":{"rendered":"https:\/\/perspectivaisabela.com\/?page_id=47"},"modified":"2024-01-11T17:06:10","modified_gmt":"2024-01-11T17:06:10","slug":"services","status":"publish","type":"page","link":"https:\/\/perspectivaisabela.com\/index.php\/services\/","title":{"rendered":"Services"},"content":{"rendered":"\t\t<div data-elementor-type=\"wp-page\" data-elementor-id=\"47\" class=\"elementor elementor-47\">\n\t\t\t\t\t\t\t<div class=\"elementor-element elementor-element-ef93774 e-con-full e-flex e-con e-parent\" data-id=\"ef93774\" data-element_type=\"container\" data-settings=\"{&quot;content_width&quot;:&quot;full&quot;,&quot;background_background&quot;:&quot;slideshow&quot;,&quot;background_slideshow_gallery&quot;:[{&quot;id&quot;:19,&quot;url&quot;:&quot;https:\\\/\\\/perspectivaisabela.com\\\/wp-content\\\/uploads\\\/2023\\\/12\\\/clement-souchet-juVccM81b_E-unsplash-scaled.jpg&quot;}],&quot;background_slideshow_loop&quot;:&quot;yes&quot;,&quot;background_slideshow_slide_duration&quot;:5000,&quot;background_slideshow_slide_transition&quot;:&quot;fade&quot;,&quot;background_slideshow_transition_duration&quot;:500}\" data-core-v316-plus=\"true\">\n\t\t<div class=\"elementor-element elementor-element-385f316 e-con-full e-flex e-con e-child\" data-id=\"385f316\" data-element_type=\"container\" data-settings=\"{&quot;content_width&quot;:&quot;full&quot;}\">\n\t\t\t\t<div class=\"elementor-element elementor-element-2a4d2af elementor-widget elementor-widget-text-editor\" data-id=\"2a4d2af\" data-element_type=\"widget\" data-widget_type=\"text-editor.default\">\n\t\t\t\t<div class=\"elementor-widget-container\">\n\t\t\t<style>\/*! elementor - v3.18.0 - 08-12-2023 *\/\n.elementor-widget-text-editor.elementor-drop-cap-view-stacked .elementor-drop-cap{background-color:#69727d;color:#fff}.elementor-widget-text-editor.elementor-drop-cap-view-framed .elementor-drop-cap{color:#69727d;border:3px solid;background-color:transparent}.elementor-widget-text-editor:not(.elementor-drop-cap-view-default) .elementor-drop-cap{margin-top:8px}.elementor-widget-text-editor:not(.elementor-drop-cap-view-default) .elementor-drop-cap-letter{width:1em;height:1em}.elementor-widget-text-editor .elementor-drop-cap{float:left;text-align:center;line-height:1;font-size:50px}.elementor-widget-text-editor .elementor-drop-cap-letter{display:inline-block}<\/style>\t\t\t\t<p>Aunque somos relativamente nuevos en el mercado, nuestro compromiso con la calidad y la est\u00e9tica excepcional nos ha convertido r\u00e1pidamente en la elecci\u00f3n preferida para aquellos que buscan algo m\u00e1s que una simple fuente de luz.<\/p><p>\u00a0<\/p><p>En ISABELA, creamos no solo l\u00e1mparas, sino experiencias luminosas que transforman espacios.<\/p><p>\u00a0<\/p><p>Descubre la diferencia con nuestras luminarias de papel y madera: iluminaci\u00f3n que no solo ilumina, sino que tambi\u00e9n inspira.\u00a0<\/p>\t\t\t\t\t\t<\/div>\n\t\t\t\t<\/div>\n\t\t\t\t<\/div>\n\t\t<div class=\"elementor-element elementor-element-1eeb86b e-con-full e-flex e-con e-child\" data-id=\"1eeb86b\" data-element_type=\"container\" data-settings=\"{&quot;content_width&quot;:&quot;full&quot;,&quot;motion_fx_motion_fx_scrolling&quot;:&quot;yes&quot;,&quot;motion_fx_translateX_effect&quot;:&quot;yes&quot;,&quot;motion_fx_translateX_direction&quot;:&quot;negative&quot;,&quot;motion_fx_translateX_speed&quot;:{&quot;unit&quot;:&quot;px&quot;,&quot;size&quot;:9.6,&quot;sizes&quot;:[]},&quot;motion_fx_translateX_affectedRange&quot;:{&quot;unit&quot;:&quot;%&quot;,&quot;size&quot;:&quot;&quot;,&quot;sizes&quot;:{&quot;start&quot;:0,&quot;end&quot;:50}},&quot;motion_fx_devices&quot;:[&quot;desktop&quot;,&quot;tablet&quot;,&quot;mobile&quot;]}\">\n\t\t\t\t<div class=\"elementor-element elementor-element-2c60f90 elementor-widget elementor-widget-text-editor\" data-id=\"2c60f90\" data-element_type=\"widget\" data-widget_type=\"text-editor.default\">\n\t\t\t\t<div class=\"elementor-widget-container\">\n\t\t\t\t\t\t\t<p>D\u00e9janos ser parte de tu historia luminosa&#8230;<\/p>\t\t\t\t\t\t<\/div>\n\t\t\t\t<\/div>\n\t\t\t\t<\/div>\n\t\t\t\t<\/div>\n\t\t\t\t\t\t\t<\/div>\n\t\t","protected":false},"excerpt":{"rendered":"<p>Aunque somos relativamente nuevos en el mercado, nuestro compromiso con la calidad y la est\u00e9tica excepcional nos ha convertido r\u00e1pidamente en la elecci\u00f3n preferida para aquellos que buscan algo m\u00e1s que una simple fuente de luz. \u00a0 En ISABELA, creamos no solo l\u00e1mparas, sino experiencias luminosas que transforman espacios. \u00a0 Descubre la diferencia con nuestras [&hellip;]<\/p>\n","protected":false},"author":1,"featured_media":0,"parent":0,"menu_order":0,"comment_status":"closed","ping_status":"closed","template":"","meta":{"footnotes":""},"jetpack_sharing_enabled":true,"_links":{"self":[{"href":"https:\/\/perspectivaisabela.com\/index.php\/wp-json\/wp\/v2\/pages\/47"}],"collection":[{"href":"https:\/\/perspectivaisabela.com\/index.php\/wp-json\/wp\/v2\/pages"}],"about":[{"href":"https:\/\/perspectivaisabela.com\/index.php\/wp-json\/wp\/v2\/types\/page"}],"author":[{"embeddable":true,"href":"https:\/\/perspectivaisabela.com\/index.php\/wp-json\/wp\/v2\/users\/1"}],"replies":[{"embeddable":true,"href":"https:\/\/perspectivaisabela.com\/index.php\/wp-json\/wp\/v2\/comments?post=47"}],"version-history":[{"count":7,"href":"https:\/\/perspectivaisabela.com\/index.php\/wp-json\/wp\/v2\/pages\/47\/revisions"}],"predecessor-version":[{"id":577,"href":"https:\/\/perspectivaisabela.com\/index.php\/wp-json\/wp\/v2\/pages\/47\/revisions\/577"}],"wp:attachment":[{"href":"https:\/\/perspectivaisabela.com\/index.php\/wp-json\/wp\/v2\/media?parent=47"}],"curies":[{"name":"wp","href":"https:\/\/api.w.org\/{rel}","templated":true}]}}