{"id":694,"date":"2024-01-19T16:23:50","date_gmt":"2024-01-19T16:23:50","guid":{"rendered":"https:\/\/perspectivaisabela.com\/?post_type=product&#038;p=694"},"modified":"2024-01-29T01:04:13","modified_gmt":"2024-01-29T01:04:13","slug":"torch","status":"publish","type":"product","link":"https:\/\/perspectivaisabela.com\/index.php\/product\/torch\/","title":{"rendered":"Torch"},"content":{"rendered":"<p>La vida te pondr\u00e1 obst\u00e1culos, pero los l\u00edmites los pones t\u00fa<\/p>\n","protected":false},"excerpt":{"rendered":"<p>La vida te pondr\u00e1 obst\u00e1culos, pero los l\u00edmites los pones t\u00fa<\/p>\n","protected":false},"featured_media":517,"template":"","meta":[],"product_cat":[26],"product_tag":[],"jetpack_sharing_enabled":true,"_links":{"self":[{"href":"https:\/\/perspectivaisabela.com\/index.php\/wp-json\/wp\/v2\/product\/694"}],"collection":[{"href":"https:\/\/perspectivaisabela.com\/index.php\/wp-json\/wp\/v2\/product"}],"about":[{"href":"https:\/\/perspectivaisabela.com\/index.php\/wp-json\/wp\/v2\/types\/product"}],"wp:featuredmedia":[{"embeddable":true,"href":"https:\/\/perspectivaisabela.com\/index.php\/wp-json\/wp\/v2\/media\/517"}],"wp:attachment":[{"href":"https:\/\/perspectivaisabela.com\/index.php\/wp-json\/wp\/v2\/media?parent=694"}],"wp:term":[{"taxonomy":"product_cat","embeddable":true,"href":"https:\/\/perspectivaisabela.com\/index.php\/wp-json\/wp\/v2\/product_cat?post=694"},{"taxonomy":"product_tag","embeddable":true,"href":"https:\/\/perspectivaisabela.com\/index.php\/wp-json\/wp\/v2\/product_tag?post=694"}],"curies":[{"name":"wp","href":"https:\/\/api.w.org\/{rel}","templated":true}]}}